{"id":22,"date":"2023-04-18T15:27:31","date_gmt":"2023-04-18T13:27:31","guid":{"rendered":"https:\/\/www.pivnihotel.cz\/?page_id=22"},"modified":"2025-02-20T14:15:42","modified_gmt":"2025-02-20T13:15:42","slug":"kontakt","status":"publish","type":"page","link":"https:\/\/www.pivnihotel.cz\/de\/kontakt\/","title":{"rendered":"Kontakt"},"content":{"rendered":"<div data-elementor-type=\"wp-page\" data-elementor-id=\"22\" class=\"elementor elementor-22\">\n\t\t\t\t\t\t\t\t\t<section class=\"elementor-section elementor-top-section elementor-element elementor-element-1ff416d elementor-section-boxed elementor-section-height-default elementor-section-height-default\" data-id=\"1ff416d\" data-element_type=\"section\" data-settings=\"{&quot;background_background&quot;:&quot;classic&quot;}\">\n\t\t\t\t\t\t<div class=\"elementor-container elementor-column-gap-default\">\n\t\t\t\t\t<div class=\"elementor-column elementor-col-100 elementor-top-column elementor-element elementor-element-85454a6 ph-box\" data-id=\"85454a6\" data-element_type=\"column\" data-settings=\"{&quot;background_background&quot;:&quot;classic&quot;}\">\n\t\t\t<div class=\"elementor-widget-wrap elementor-element-populated\">\n\t\t\t\t\t\t\t\t<div class=\"elementor-element elementor-element-c066eeb elementor-widget elementor-widget-text-editor\" data-id=\"c066eeb\" data-element_type=\"widget\" data-widget_type=\"text-editor.default\">\n\t\t\t\t<div class=\"elementor-widget-container\">\n\t\t\t<style>\/*! elementor - v3.16.0 - 20-09-2023 *\/\n.elementor-widget-text-editor.elementor-drop-cap-view-stacked .elementor-drop-cap{background-color:#69727d;color:#fff}.elementor-widget-text-editor.elementor-drop-cap-view-framed .elementor-drop-cap{color:#69727d;border:3px solid;background-color:transparent}.elementor-widget-text-editor:not(.elementor-drop-cap-view-default) .elementor-drop-cap{margin-top:8px}.elementor-widget-text-editor:not(.elementor-drop-cap-view-default) .elementor-drop-cap-letter{width:1em;height:1em}.elementor-widget-text-editor .elementor-drop-cap{float:left;text-align:center;line-height:1;font-size:50px}.elementor-widget-text-editor .elementor-drop-cap-letter{display:inline-block}<\/style>\t\t\t\t<span class=\"font-hero\">UNSER BEREICH\n<\/span>\n\n<hr \/>\t\t\t\t\t\t<\/div>\n\t\t\t\t<\/div>\n\t\t\t\t<div class=\"elementor-element elementor-element-ae7cabd elementor-widget elementor-widget-text-editor\" data-id=\"ae7cabd\" data-element_type=\"widget\" data-widget_type=\"text-editor.default\">\n\t\t\t\t<div class=\"elementor-widget-container\">\n\t\t\t\t\t\t\t<div class=\"font-main-regular mb10\">\n<p>ADRESSE<br>Platz. Augustina N\u011bmejce 416, Nepomuk<\/p>\n<\/div>\n<div class=\"font-main-regular mb10\">\n<p>TELEFON<br>Rezeption (t\u00e4glich: 8:00 - 20:00) +420 724 901 874, +420 373 721 968<br>Gesch\u00e4ftsf\u00fchrung (werktags: 9:00 - 16:00) +420 605 009 005<\/p>\n<\/div>\n<div class=\"font-main-regular mb10\">\n<p>E-MAIL<br><a href=\"mailto:recepce@pivnihotel.cz\"><span style=\"font-weight: var( --e-global-typography-text-font-weight ); font-size: 1rem;\">recepce@pivnihotel.cz<\/span><\/a><\/p>\n<h5><span style=\"font-weight: var( --e-global-typography-text-font-weight ); font-size: 1rem;\">UNTERNEHMENSDATEN<\/span><\/h5><\/div><div class=\"font-main-regular mb10\"><p><span style=\"font-weight: var( --e-global-typography-text-font-weight ); font-size: 1rem;\">Ing. Radovan Sochor<br><\/span><span style=\"font-weight: var( --e-global-typography-text-font-weight ); font-size: 1rem;\">Identifikationsnummer: 73470341<br><\/span><span style=\"font-weight: var( --e-global-typography-text-font-weight ); font-size: 1rem;\">Anschrift des eingetragenen Sitzes: \u017delezn\u00fd \u00dajezd 27, 335 63, \u010c\u00ed\u017ekov<\/span><\/p>\n<\/div>\n<div>&nbsp;<\/div>\n<p><a href=\"http:\/\/www.pivnihotel.cz\/wp-content\/uploads\/2023\/08\/PH-VOP-Ubytovaci-rad-PH.pdf\">Unterkunftsordnung und AGB<\/a><\/p>\t\t\t\t\t\t<\/div>\n\t\t\t\t<\/div>\n\t\t\t\t<section class=\"elementor-section elementor-inner-section elementor-element elementor-element-9649143 elementor-section-boxed elementor-section-height-default elementor-section-height-default\" data-id=\"9649143\" data-element_type=\"section\">\n\t\t\t\t\t\t<div class=\"elementor-container elementor-column-gap-default\">\n\t\t\t\t\t<div class=\"elementor-column elementor-col-100 elementor-inner-column elementor-element elementor-element-52f00bf\" data-id=\"52f00bf\" data-element_type=\"column\">\n\t\t\t<div class=\"elementor-widget-wrap\">\n\t\t\t\t\t\t\t\t\t<\/div>\n\t\t<\/div>\n\t\t\t\t\t\t\t<\/div>\n\t\t<\/section>\n\t\t\t\t\t<\/div>\n\t\t<\/div>\n\t\t\t\t\t\t\t<\/div>\n\t\t<\/section>\n\t\t\t\t<section class=\"elementor-section elementor-top-section elementor-element elementor-element-fb95ddb elementor-section-boxed elementor-section-height-default elementor-section-height-default\" data-id=\"fb95ddb\" data-element_type=\"section\">\n\t\t\t\t\t\t<div class=\"elementor-container elementor-column-gap-default\">\n\t\t\t\t\t<div class=\"elementor-column elementor-col-100 elementor-top-column elementor-element elementor-element-5aeb487\" data-id=\"5aeb487\" data-element_type=\"column\">\n\t\t\t<div class=\"elementor-widget-wrap elementor-element-populated\">\n\t\t\t\t\t\t\t\t<section class=\"elementor-section elementor-inner-section elementor-element elementor-element-2576ef4 elementor-section-boxed elementor-section-height-default elementor-section-height-default\" data-id=\"2576ef4\" data-element_type=\"section\">\n\t\t\t\t\t\t<div class=\"elementor-container elementor-column-gap-default\">\n\t\t\t\t\t<div class=\"elementor-column elementor-col-100 elementor-inner-column elementor-element elementor-element-01de46c\" data-id=\"01de46c\" data-element_type=\"column\">\n\t\t\t<div class=\"elementor-widget-wrap elementor-element-populated\">\n\t\t\t\t\t\t\t\t<div class=\"elementor-element elementor-element-a602734 elementor-widget elementor-widget-html\" data-id=\"a602734\" data-element_type=\"widget\" data-widget_type=\"html.default\">\n\t\t\t\t<div class=\"elementor-widget-container\">\n\t\t\t\n<div class=\"wpcf7 no-js\" id=\"wpcf7-f1987-o1\" lang=\"cs-CZ\" dir=\"ltr\">\n<div class=\"screen-reader-response\"><p role=\"status\" aria-live=\"polite\" aria-atomic=\"true\"><\/p> <ul><\/ul><\/div>\n<form action=\"\/de\/wp-json\/wp\/v2\/pages\/22#wpcf7-f1987-o1\" method=\"post\" class=\"wpcf7-form init\" aria-label=\"Kontakt-Formular\" novalidate=\"novalidate\" data-status=\"init\" data-trp-original-action=\"\/de\/wp-json\/wp\/v2\/pages\/22#wpcf7-f1987-o1\">\n<div style=\"display: none;\">\n<input type=\"hidden\" name=\"_wpcf7\" value=\"1987\" \/>\n<input type=\"hidden\" name=\"_wpcf7_version\" value=\"5.8.4\" \/>\n<input type=\"hidden\" name=\"_wpcf7_locale\" value=\"cs_CZ\" \/>\n<input type=\"hidden\" name=\"_wpcf7_unit_tag\" value=\"wpcf7-f1987-o1\" \/>\n<input type=\"hidden\" name=\"_wpcf7_container_post\" value=\"0\" \/>\n<input type=\"hidden\" name=\"_wpcf7_posted_data_hash\" value=\"\" \/>\n<\/div>\n<p><label> Ihr Name<br \/>\n<span class=\"wpcf7-form-control-wrap\" data-name=\"your-name\"><input size=\"40\" class=\"wpcf7-form-control wpcf7-text wpcf7-validates-as-required\" autocomplete=\"name\" aria-required=\"true\" aria-invalid=\"false\" value=\"\" type=\"text\" name=\"your-name\" \/><\/span> <\/label>\n<\/p>\n<p><label> Ihre E-Mail<br \/>\n<span class=\"wpcf7-form-control-wrap\" data-name=\"your-email\"><input size=\"40\" class=\"wpcf7-form-control wpcf7-email wpcf7-validates-as-required wpcf7-text wpcf7-validates-as-email\" autocomplete=\"email\" aria-required=\"true\" aria-invalid=\"false\" value=\"\" type=\"email\" name=\"your-email\" \/><\/span> <\/label>\n<\/p>\n<p><label> Thema<br \/>\n<span class=\"wpcf7-form-control-wrap\" data-name=\"your-subject\"><input size=\"40\" class=\"wpcf7-form-control wpcf7-text wpcf7-validates-as-required\" aria-required=\"true\" aria-invalid=\"false\" value=\"\" type=\"text\" name=\"your-subject\" \/><\/span> <\/label>\n<\/p>\n<p><label> Ihre Nachricht (optional)<br \/>\n<span class=\"wpcf7-form-control-wrap\" data-name=\"your-message\"><textarea cols=\"40\" rows=\"10\" class=\"wpcf7-form-control wpcf7-textarea\" aria-invalid=\"false\" name=\"your-message\"><\/textarea><\/span> <\/label>\n<\/p>\n<p><input class=\"wpcf7-form-control wpcf7-submit has-spinner\" type=\"submit\" value=\"Senden an\" \/>\n<\/p><div class=\"wpcf7-response-output\" aria-hidden=\"true\"><\/div>\n<input type=\"hidden\" name=\"trp-form-language\" value=\"de\"\/><\/form>\n<\/div>\n\t\t<\/div>\n\t\t\t\t<\/div>\n\t\t\t\t\t<\/div>\n\t\t<\/div>\n\t\t\t\t\t\t\t<\/div>\n\t\t<\/section>\n\t\t\t\t\t<\/div>\n\t\t<\/div>\n\t\t\t\t\t\t\t<\/div>\n\t\t<\/section>\n\t\t\t\t\t\t\t<\/div>","protected":false},"excerpt":{"rendered":"<p>UNSER GEBIET ADRESSEN. Augustina N\u011bmejce 416, Nepomuk TELEFONEmpfang (t\u00e4glich: 8:00 - 20:00) +420 724 901 874, +420 373 721 968Gesch\u00e4ftsleitung (werktags: 9:00 - 16:00) +420 605 009 005 E-MAILrecepce@pivnihotel.cz FIRMENDATEN Ing. Radovan SochorIdentifikationsnummer: 73470341Anschrift des Firmensitzes.<\/p>","protected":false},"author":1,"featured_media":1351,"parent":0,"menu_order":0,"comment_status":"closed","ping_status":"closed","template":"","meta":{"footnotes":""},"class_list":["post-22","page","type-page","status-publish","has-post-thumbnail","hentry"],"acf":[],"yoast_head":"<!-- This site is optimized with the Yoast SEO plugin v20.12 - https:\/\/yoast.com\/wordpress\/plugins\/seo\/ -->\n<title>Kontakt | PivniHotel.cz<\/title>\n<meta name=\"description\" content=\"Pivn\u00ed l\u00e1ze\u0148 je zalo\u017eena na koupeli v p\u0159\u00edrodn\u00edch extraktech, ze kter\u00fdch se va\u0159\u00ed pivo \u2013 chmel, pivovarsk\u00e9 kvasnice a slad.\" \/>\n<meta name=\"robots\" content=\"index, follow, max-snippet:-1, max-image-preview:large, max-video-preview:-1\" \/>\n<link rel=\"canonical\" href=\"https:\/\/www.pivnihotel.cz\/de\/kontakt\/\" \/>\n<meta property=\"og:locale\" content=\"de_DE\" \/>\n<meta property=\"og:type\" content=\"article\" \/>\n<meta property=\"og:title\" content=\"Kontakt | PivniHotel.cz\" \/>\n<meta property=\"og:description\" content=\"Pivn\u00ed l\u00e1ze\u0148 je zalo\u017eena na koupeli v p\u0159\u00edrodn\u00edch extraktech, ze kter\u00fdch se va\u0159\u00ed pivo \u2013 chmel, pivovarsk\u00e9 kvasnice a slad.\" \/>\n<meta property=\"og:url\" content=\"https:\/\/www.pivnihotel.cz\/de\/kontakt\/\" \/>\n<meta property=\"og:site_name\" content=\"Pivn\u00ed Hotel\" \/>\n<meta property=\"article:modified_time\" content=\"2025-02-20T13:15:42+00:00\" \/>\n<meta property=\"og:image\" content=\"http:\/\/www.pivnihotel.cz\/wp-content\/uploads\/2023\/07\/original_205019bf-99ac-4cf4-b677-68f795c7ed51.jpg\" \/>\n\t<meta property=\"og:image:width\" content=\"1024\" \/>\n\t<meta property=\"og:image:height\" content=\"743\" \/>\n\t<meta property=\"og:image:type\" content=\"image\/jpeg\" \/>\n<meta name=\"twitter:card\" content=\"summary_large_image\" \/>\n<meta name=\"twitter:label1\" content=\"Gesch\u00e4tzte Lesezeit\" \/>\n\t<meta name=\"twitter:data1\" content=\"1\u00a0Minute\" \/>\n<script type=\"application\/ld+json\" class=\"yoast-schema-graph\">{\"@context\":\"https:\/\/schema.org\",\"@graph\":[{\"@type\":\"WebPage\",\"@id\":\"https:\/\/www.pivnihotel.cz\/kontakt\/\",\"url\":\"https:\/\/www.pivnihotel.cz\/kontakt\/\",\"name\":\"Kontakt | PivniHotel.cz\",\"isPartOf\":{\"@id\":\"https:\/\/www.pivnihotel.cz\/#website\"},\"datePublished\":\"2023-04-18T13:27:31+00:00\",\"dateModified\":\"2025-02-20T13:15:42+00:00\",\"description\":\"Pivn\u00ed l\u00e1ze\u0148 je zalo\u017eena na koupeli v p\u0159\u00edrodn\u00edch extraktech, ze kter\u00fdch se va\u0159\u00ed pivo \u2013 chmel, pivovarsk\u00e9 kvasnice a slad.\",\"breadcrumb\":{\"@id\":\"https:\/\/www.pivnihotel.cz\/kontakt\/#breadcrumb\"},\"inLanguage\":\"de\",\"potentialAction\":[{\"@type\":\"ReadAction\",\"target\":[\"https:\/\/www.pivnihotel.cz\/kontakt\/\"]}]},{\"@type\":\"BreadcrumbList\",\"@id\":\"https:\/\/www.pivnihotel.cz\/kontakt\/#breadcrumb\",\"itemListElement\":[{\"@type\":\"ListItem\",\"position\":1,\"name\":\"Dom\u016f\",\"item\":\"https:\/\/www.pivnihotel.cz\/\"},{\"@type\":\"ListItem\",\"position\":2,\"name\":\"Kontakt\"}]},{\"@type\":\"WebSite\",\"@id\":\"https:\/\/www.pivnihotel.cz\/#website\",\"url\":\"https:\/\/www.pivnihotel.cz\/\",\"name\":\"Pivn\u00ed Hotel\",\"description\":\"Pivn\u00ed l\u00e1zn\u011b | PivniHotel.cz\",\"publisher\":{\"@id\":\"https:\/\/www.pivnihotel.cz\/#organization\"},\"potentialAction\":[{\"@type\":\"SearchAction\",\"target\":{\"@type\":\"EntryPoint\",\"urlTemplate\":\"https:\/\/www.pivnihotel.cz\/?s={search_term_string}\"},\"query-input\":\"required name=search_term_string\"}],\"inLanguage\":\"de\"},{\"@type\":\"Organization\",\"@id\":\"https:\/\/www.pivnihotel.cz\/#organization\",\"name\":\"Pivn\u00ed Hotel\",\"url\":\"https:\/\/www.pivnihotel.cz\/\",\"logo\":{\"@type\":\"ImageObject\",\"inLanguage\":\"de\",\"@id\":\"https:\/\/www.pivnihotel.cz\/#\/schema\/logo\/image\/\",\"url\":\"https:\/\/www.pivnihotel.cz\/wp-content\/uploads\/2023\/04\/cropped-cropped-dfa37135-e92d-470c-93ce-45558a873a9b.png\",\"contentUrl\":\"https:\/\/www.pivnihotel.cz\/wp-content\/uploads\/2023\/04\/cropped-cropped-dfa37135-e92d-470c-93ce-45558a873a9b.png\",\"width\":120,\"height\":65,\"caption\":\"Pivn\u00ed Hotel\"},\"image\":{\"@id\":\"https:\/\/www.pivnihotel.cz\/#\/schema\/logo\/image\/\"}}]}<\/script>\n<!-- \/ Yoast SEO plugin. -->","yoast_head_json":{"title":"Kontakt | PivniHotel.cz","description":"Pivn\u00ed l\u00e1ze\u0148 je zalo\u017eena na koupeli v p\u0159\u00edrodn\u00edch extraktech, ze kter\u00fdch se va\u0159\u00ed pivo \u2013 chmel, pivovarsk\u00e9 kvasnice a slad.","robots":{"index":"index","follow":"follow","max-snippet":"max-snippet:-1","max-image-preview":"max-image-preview:large","max-video-preview":"max-video-preview:-1"},"canonical":"https:\/\/www.pivnihotel.cz\/de\/kontakt\/","og_locale":"de_DE","og_type":"article","og_title":"Kontakt | PivniHotel.cz","og_description":"Pivn\u00ed l\u00e1ze\u0148 je zalo\u017eena na koupeli v p\u0159\u00edrodn\u00edch extraktech, ze kter\u00fdch se va\u0159\u00ed pivo \u2013 chmel, pivovarsk\u00e9 kvasnice a slad.","og_url":"https:\/\/www.pivnihotel.cz\/de\/kontakt\/","og_site_name":"Pivn\u00ed Hotel","article_modified_time":"2025-02-20T13:15:42+00:00","og_image":[{"width":1024,"height":743,"url":"http:\/\/www.pivnihotel.cz\/wp-content\/uploads\/2023\/07\/original_205019bf-99ac-4cf4-b677-68f795c7ed51.jpg","type":"image\/jpeg"}],"twitter_card":"summary_large_image","twitter_misc":{"Gesch\u00e4tzte Lesezeit":"1\u00a0Minute"},"schema":{"@context":"https:\/\/schema.org","@graph":[{"@type":"WebPage","@id":"https:\/\/www.pivnihotel.cz\/kontakt\/","url":"https:\/\/www.pivnihotel.cz\/kontakt\/","name":"Kontakt | PivniHotel.cz","isPartOf":{"@id":"https:\/\/www.pivnihotel.cz\/#website"},"datePublished":"2023-04-18T13:27:31+00:00","dateModified":"2025-02-20T13:15:42+00:00","description":"Pivn\u00ed l\u00e1ze\u0148 je zalo\u017eena na koupeli v p\u0159\u00edrodn\u00edch extraktech, ze kter\u00fdch se va\u0159\u00ed pivo \u2013 chmel, pivovarsk\u00e9 kvasnice a slad.","breadcrumb":{"@id":"https:\/\/www.pivnihotel.cz\/kontakt\/#breadcrumb"},"inLanguage":"de","potentialAction":[{"@type":"ReadAction","target":["https:\/\/www.pivnihotel.cz\/kontakt\/"]}]},{"@type":"BreadcrumbList","@id":"https:\/\/www.pivnihotel.cz\/kontakt\/#breadcrumb","itemListElement":[{"@type":"ListItem","position":1,"name":"Dom\u016f","item":"https:\/\/www.pivnihotel.cz\/"},{"@type":"ListItem","position":2,"name":"Kontakt"}]},{"@type":"WebSite","@id":"https:\/\/www.pivnihotel.cz\/#website","url":"https:\/\/www.pivnihotel.cz\/","name":"Pivn\u00ed Hotel","description":"Pivn\u00ed l\u00e1zn\u011b | PivniHotel.cz","publisher":{"@id":"https:\/\/www.pivnihotel.cz\/#organization"},"potentialAction":[{"@type":"SearchAction","target":{"@type":"EntryPoint","urlTemplate":"https:\/\/www.pivnihotel.cz\/?s={search_term_string}"},"query-input":"required name=search_term_string"}],"inLanguage":"de"},{"@type":"Organization","@id":"https:\/\/www.pivnihotel.cz\/#organization","name":"Pivn\u00ed Hotel","url":"https:\/\/www.pivnihotel.cz\/","logo":{"@type":"ImageObject","inLanguage":"de","@id":"https:\/\/www.pivnihotel.cz\/#\/schema\/logo\/image\/","url":"https:\/\/www.pivnihotel.cz\/wp-content\/uploads\/2023\/04\/cropped-cropped-dfa37135-e92d-470c-93ce-45558a873a9b.png","contentUrl":"https:\/\/www.pivnihotel.cz\/wp-content\/uploads\/2023\/04\/cropped-cropped-dfa37135-e92d-470c-93ce-45558a873a9b.png","width":120,"height":65,"caption":"Pivn\u00ed Hotel"},"image":{"@id":"https:\/\/www.pivnihotel.cz\/#\/schema\/logo\/image\/"}}]}},"_links":{"self":[{"href":"https:\/\/www.pivnihotel.cz\/de\/wp-json\/wp\/v2\/pages\/22","targetHints":{"allow":["GET"]}}],"collection":[{"href":"https:\/\/www.pivnihotel.cz\/de\/wp-json\/wp\/v2\/pages"}],"about":[{"href":"https:\/\/www.pivnihotel.cz\/de\/wp-json\/wp\/v2\/types\/page"}],"author":[{"embeddable":true,"href":"https:\/\/www.pivnihotel.cz\/de\/wp-json\/wp\/v2\/users\/1"}],"replies":[{"embeddable":true,"href":"https:\/\/www.pivnihotel.cz\/de\/wp-json\/wp\/v2\/comments?post=22"}],"version-history":[{"count":38,"href":"https:\/\/www.pivnihotel.cz\/de\/wp-json\/wp\/v2\/pages\/22\/revisions"}],"predecessor-version":[{"id":2159,"href":"https:\/\/www.pivnihotel.cz\/de\/wp-json\/wp\/v2\/pages\/22\/revisions\/2159"}],"wp:featuredmedia":[{"embeddable":true,"href":"https:\/\/www.pivnihotel.cz\/de\/wp-json\/wp\/v2\/media\/1351"}],"wp:attachment":[{"href":"https:\/\/www.pivnihotel.cz\/de\/wp-json\/wp\/v2\/media?parent=22"}],"curies":[{"name":"wp","href":"https:\/\/api.w.org\/{rel}","templated":true}]}}