{"id":859,"date":"2023-06-06T12:49:36","date_gmt":"2023-06-06T10:49:36","guid":{"rendered":"https:\/\/www.pivnihotel.cz\/?page_id=859"},"modified":"2023-06-06T12:49:36","modified_gmt":"2023-06-06T10:49:36","slug":"room","status":"publish","type":"page","link":"https:\/\/www.pivnihotel.cz\/de\/room\/","title":{"rendered":"Zimmer"},"content":{"rendered":"","protected":false},"excerpt":{"rendered":"","protected":false},"author":1,"featured_media":0,"parent":0,"menu_order":0,"comment_status":"closed","ping_status":"closed","template":"","meta":{"footnotes":""},"class_list":["post-859","page","type-page","status-publish","hentry"],"acf":[],"yoast_head":"<!-- This site is optimized with the Yoast SEO plugin v20.12 - https:\/\/yoast.com\/wordpress\/plugins\/seo\/ -->\n<title>room - Pivn\u00ed Hotel<\/title>\n<meta name=\"robots\" content=\"index, follow, max-snippet:-1, max-image-preview:large, max-video-preview:-1\" \/>\n<link rel=\"canonical\" href=\"https:\/\/www.pivnihotel.cz\/de\/room\/\" \/>\n<meta property=\"og:locale\" content=\"de_DE\" \/>\n<meta property=\"og:type\" content=\"article\" \/>\n<meta property=\"og:title\" content=\"room - Pivn\u00ed Hotel\" \/>\n<meta property=\"og:url\" content=\"https:\/\/www.pivnihotel.cz\/de\/room\/\" \/>\n<meta property=\"og:site_name\" content=\"Pivn\u00ed Hotel\" \/>\n<meta name=\"twitter:card\" content=\"summary_large_image\" \/>\n<script type=\"application\/ld+json\" class=\"yoast-schema-graph\">{\"@context\":\"https:\/\/schema.org\",\"@graph\":[{\"@type\":\"WebPage\",\"@id\":\"https:\/\/www.pivnihotel.cz\/room\/\",\"url\":\"https:\/\/www.pivnihotel.cz\/room\/\",\"name\":\"room - Pivn\u00ed Hotel\",\"isPartOf\":{\"@id\":\"https:\/\/www.pivnihotel.cz\/#website\"},\"datePublished\":\"2023-06-06T10:49:36+00:00\",\"dateModified\":\"2023-06-06T10:49:36+00:00\",\"breadcrumb\":{\"@id\":\"https:\/\/www.pivnihotel.cz\/room\/#breadcrumb\"},\"inLanguage\":\"de\",\"potentialAction\":[{\"@type\":\"ReadAction\",\"target\":[\"https:\/\/www.pivnihotel.cz\/room\/\"]}]},{\"@type\":\"BreadcrumbList\",\"@id\":\"https:\/\/www.pivnihotel.cz\/room\/#breadcrumb\",\"itemListElement\":[{\"@type\":\"ListItem\",\"position\":1,\"name\":\"Dom\u016f\",\"item\":\"https:\/\/www.pivnihotel.cz\/\"},{\"@type\":\"ListItem\",\"position\":2,\"name\":\"room\"}]},{\"@type\":\"WebSite\",\"@id\":\"https:\/\/www.pivnihotel.cz\/#website\",\"url\":\"https:\/\/www.pivnihotel.cz\/\",\"name\":\"Pivn\u00ed Hotel\",\"description\":\"Pivn\u00ed l\u00e1zn\u011b | PivniHotel.cz\",\"publisher\":{\"@id\":\"https:\/\/www.pivnihotel.cz\/#organization\"},\"potentialAction\":[{\"@type\":\"SearchAction\",\"target\":{\"@type\":\"EntryPoint\",\"urlTemplate\":\"https:\/\/www.pivnihotel.cz\/?s={search_term_string}\"},\"query-input\":\"required name=search_term_string\"}],\"inLanguage\":\"de\"},{\"@type\":\"Organization\",\"@id\":\"https:\/\/www.pivnihotel.cz\/#organization\",\"name\":\"Pivn\u00ed Hotel\",\"url\":\"https:\/\/www.pivnihotel.cz\/\",\"logo\":{\"@type\":\"ImageObject\",\"inLanguage\":\"de\",\"@id\":\"https:\/\/www.pivnihotel.cz\/#\/schema\/logo\/image\/\",\"url\":\"https:\/\/www.pivnihotel.cz\/wp-content\/uploads\/2023\/04\/cropped-cropped-dfa37135-e92d-470c-93ce-45558a873a9b.png\",\"contentUrl\":\"https:\/\/www.pivnihotel.cz\/wp-content\/uploads\/2023\/04\/cropped-cropped-dfa37135-e92d-470c-93ce-45558a873a9b.png\",\"width\":120,\"height\":65,\"caption\":\"Pivn\u00ed Hotel\"},\"image\":{\"@id\":\"https:\/\/www.pivnihotel.cz\/#\/schema\/logo\/image\/\"}}]}<\/script>\n<!-- \/ Yoast SEO plugin. -->","yoast_head_json":{"title":"room - Pivn\u00ed Hotel","robots":{"index":"index","follow":"follow","max-snippet":"max-snippet:-1","max-image-preview":"max-image-preview:large","max-video-preview":"max-video-preview:-1"},"canonical":"https:\/\/www.pivnihotel.cz\/de\/room\/","og_locale":"de_DE","og_type":"article","og_title":"room - Pivn\u00ed Hotel","og_url":"https:\/\/www.pivnihotel.cz\/de\/room\/","og_site_name":"Pivn\u00ed Hotel","twitter_card":"summary_large_image","schema":{"@context":"https:\/\/schema.org","@graph":[{"@type":"WebPage","@id":"https:\/\/www.pivnihotel.cz\/room\/","url":"https:\/\/www.pivnihotel.cz\/room\/","name":"room - Pivn\u00ed Hotel","isPartOf":{"@id":"https:\/\/www.pivnihotel.cz\/#website"},"datePublished":"2023-06-06T10:49:36+00:00","dateModified":"2023-06-06T10:49:36+00:00","breadcrumb":{"@id":"https:\/\/www.pivnihotel.cz\/room\/#breadcrumb"},"inLanguage":"de","potentialAction":[{"@type":"ReadAction","target":["https:\/\/www.pivnihotel.cz\/room\/"]}]},{"@type":"BreadcrumbList","@id":"https:\/\/www.pivnihotel.cz\/room\/#breadcrumb","itemListElement":[{"@type":"ListItem","position":1,"name":"Dom\u016f","item":"https:\/\/www.pivnihotel.cz\/"},{"@type":"ListItem","position":2,"name":"room"}]},{"@type":"WebSite","@id":"https:\/\/www.pivnihotel.cz\/#website","url":"https:\/\/www.pivnihotel.cz\/","name":"Pivn\u00ed Hotel","description":"Pivn\u00ed l\u00e1zn\u011b | PivniHotel.cz","publisher":{"@id":"https:\/\/www.pivnihotel.cz\/#organization"},"potentialAction":[{"@type":"SearchAction","target":{"@type":"EntryPoint","urlTemplate":"https:\/\/www.pivnihotel.cz\/?s={search_term_string}"},"query-input":"required name=search_term_string"}],"inLanguage":"de"},{"@type":"Organization","@id":"https:\/\/www.pivnihotel.cz\/#organization","name":"Pivn\u00ed Hotel","url":"https:\/\/www.pivnihotel.cz\/","logo":{"@type":"ImageObject","inLanguage":"de","@id":"https:\/\/www.pivnihotel.cz\/#\/schema\/logo\/image\/","url":"https:\/\/www.pivnihotel.cz\/wp-content\/uploads\/2023\/04\/cropped-cropped-dfa37135-e92d-470c-93ce-45558a873a9b.png","contentUrl":"https:\/\/www.pivnihotel.cz\/wp-content\/uploads\/2023\/04\/cropped-cropped-dfa37135-e92d-470c-93ce-45558a873a9b.png","width":120,"height":65,"caption":"Pivn\u00ed Hotel"},"image":{"@id":"https:\/\/www.pivnihotel.cz\/#\/schema\/logo\/image\/"}}]}},"_links":{"self":[{"href":"https:\/\/www.pivnihotel.cz\/de\/wp-json\/wp\/v2\/pages\/859","targetHints":{"allow":["GET"]}}],"collection":[{"href":"https:\/\/www.pivnihotel.cz\/de\/wp-json\/wp\/v2\/pages"}],"about":[{"href":"https:\/\/www.pivnihotel.cz\/de\/wp-json\/wp\/v2\/types\/page"}],"author":[{"embeddable":true,"href":"https:\/\/www.pivnihotel.cz\/de\/wp-json\/wp\/v2\/users\/1"}],"replies":[{"embeddable":true,"href":"https:\/\/www.pivnihotel.cz\/de\/wp-json\/wp\/v2\/comments?post=859"}],"version-history":[{"count":0,"href":"https:\/\/www.pivnihotel.cz\/de\/wp-json\/wp\/v2\/pages\/859\/revisions"}],"wp:attachment":[{"href":"https:\/\/www.pivnihotel.cz\/de\/wp-json\/wp\/v2\/media?parent=859"}],"curies":[{"name":"wp","href":"https:\/\/api.w.org\/{rel}","templated":true}]}}