{"id":1811,"date":"2023-09-27T14:03:16","date_gmt":"2023-09-27T12:03:16","guid":{"rendered":"https:\/\/www.pivnihotel.cz\/?page_id=1811"},"modified":"2026-01-16T09:28:25","modified_gmt":"2026-01-16T08:28:25","slug":"pivni-lazne-rezervace-cenik","status":"publish","type":"page","link":"https:\/\/www.pivnihotel.cz\/en\/pivni-lazne-rezervace-cenik\/","title":{"rendered":"Beer Spa - reservation, pricelist"},"content":{"rendered":"<div data-elementor-type=\"wp-page\" data-elementor-id=\"1811\" class=\"elementor elementor-1811\">\n\t\t\t\t\t\t\t\t\t<section class=\"elementor-section elementor-top-section elementor-element elementor-element-3e42f89 elementor-section-boxed elementor-section-height-default elementor-section-height-default\" data-id=\"3e42f89\" data-element_type=\"section\">\n\t\t\t\t\t\t<div class=\"elementor-container elementor-column-gap-default\">\n\t\t\t\t\t<div class=\"elementor-column elementor-col-100 elementor-top-column elementor-element elementor-element-1b0321c\" data-id=\"1b0321c\" data-element_type=\"column\">\n\t\t\t<div class=\"elementor-widget-wrap elementor-element-populated\">\n\t\t\t\t\t\t\t\t<div class=\"elementor-element elementor-element-3848887 elementor-widget elementor-widget-text-editor\" data-id=\"3848887\" data-element_type=\"widget\" data-widget_type=\"text-editor.default\">\n\t\t\t\t<div class=\"elementor-widget-container\">\n\t\t\t<style>\/*! elementor - v3.16.0 - 20-09-2023 *\/\n.elementor-widget-text-editor.elementor-drop-cap-view-stacked .elementor-drop-cap{background-color:#69727d;color:#fff}.elementor-widget-text-editor.elementor-drop-cap-view-framed .elementor-drop-cap{color:#69727d;border:3px solid;background-color:transparent}.elementor-widget-text-editor:not(.elementor-drop-cap-view-default) .elementor-drop-cap{margin-top:8px}.elementor-widget-text-editor:not(.elementor-drop-cap-view-default) .elementor-drop-cap-letter{width:1em;height:1em}.elementor-widget-text-editor .elementor-drop-cap{float:left;text-align:center;line-height:1;font-size:50px}.elementor-widget-text-editor .elementor-drop-cap-letter{display:inline-block}<\/style>\t\t\t\t\t\t\t\t\t\t<\/div>\n\t\t\t\t<\/div>\n\t\t\t\t<div class=\"elementor-element elementor-element-f47a31e elementor-widget elementor-widget-image\" data-id=\"f47a31e\" data-element_type=\"widget\" data-widget_type=\"image.default\">\n\t\t\t\t<div class=\"elementor-widget-container\">\n\t\t\t<style>\/*! elementor - v3.16.0 - 20-09-2023 *\/\n.elementor-widget-image{text-align:center}.elementor-widget-image a{display:inline-block}.elementor-widget-image a img[src$=\".svg\"]{width:48px}.elementor-widget-image img{vertical-align:middle;display:inline-block}<\/style>\t\t\t\t\t\t\t\t\t\t\t\t<img loading=\"lazy\" decoding=\"async\" width=\"768\" height=\"512\" src=\"https:\/\/www.pivnihotel.cz\/wp-content\/uploads\/2023\/09\/DSC_0393-768x512.jpg\" class=\"attachment-medium_large size-medium_large wp-image-1812\" alt=\"\" srcset=\"https:\/\/www.pivnihotel.cz\/wp-content\/uploads\/2023\/09\/DSC_0393-768x512.jpg 768w, https:\/\/www.pivnihotel.cz\/wp-content\/uploads\/2023\/09\/DSC_0393-300x200.jpg 300w, https:\/\/www.pivnihotel.cz\/wp-content\/uploads\/2023\/09\/DSC_0393-1024x683.jpg 1024w, https:\/\/www.pivnihotel.cz\/wp-content\/uploads\/2023\/09\/DSC_0393-1536x1024.jpg 1536w, https:\/\/www.pivnihotel.cz\/wp-content\/uploads\/2023\/09\/DSC_0393-2048x1365.jpg 2048w, https:\/\/www.pivnihotel.cz\/wp-content\/uploads\/2023\/09\/DSC_0393-18x12.jpg 18w\" sizes=\"auto, (max-width: 768px) 100vw, 768px\" \/>\t\t\t\t\t\t\t\t\t\t\t\t\t\t\t<\/div>\n\t\t\t\t<\/div>\n\t\t\t\t\t<\/div>\n\t\t<\/div>\n\t\t\t\t\t\t\t<\/div>\n\t\t<\/section>\n\t\t\t\t<section class=\"elementor-section elementor-top-section elementor-element elementor-element-9543cec elementor-section-boxed elementor-section-height-default elementor-section-height-default\" data-id=\"9543cec\" data-element_type=\"section\" data-settings=\"{&quot;background_background&quot;:&quot;classic&quot;}\">\n\t\t\t\t\t\t<div class=\"elementor-container elementor-column-gap-default\">\n\t\t\t\t\t<div class=\"elementor-column elementor-col-100 elementor-top-column elementor-element elementor-element-0f3ae64\" data-id=\"0f3ae64\" data-element_type=\"column\">\n\t\t\t<div class=\"elementor-widget-wrap elementor-element-populated\">\n\t\t\t\t\t\t\t\t<div class=\"elementor-element elementor-element-2f721e8 elementor-widget__width-initial elementor-widget elementor-widget-text-editor\" data-id=\"2f721e8\" data-element_type=\"widget\" data-widget_type=\"text-editor.default\">\n\t\t\t\t<div class=\"elementor-widget-container\">\n\t\t\t\t\t\t\t<div class=\"font-main-regular mb10\"><p><strong><em><br \/>We are preparing a spa reservation system for you. Currently, you can book a beer bath by phone at 724901874 or by email: <a href=\"mailto:recepce@pivnihotel.cz\">recepce@pivnihotel.cz<\/a>. Advance reservation is REQUIRED, capacity is limited. Book your bath in advance.\u00a0<\/em><\/strong><\/p><p><span style=\"text-decoration: underline;\">PRICE<\/span>:<br \/>beer bath for 1 person = 979 CZK<br \/>beer bath for 2 persons = 1 639 CZK<\/p><\/div><div class=\"font-main-regular mb10\"><p>The beer bath, which lasts 60 minutes, can be enjoyed by up to 8 people at a time in four baths for two people. The baths take place in four private rooms, where in addition to the bath there is a relaxing lounger and its own tap with Zlat\u00e1 kra\u00e1va beer. For groups, the rooms can be adapted into one large room. The beer baths have an unmistakable atmosphere in the old vaulted cellars that were historically part of the brewery.<\/p><p>Beneficial effects of a beer bath:<\/p><ul><li>skin rejuvenation<\/li><li>supply of vitamins, carbohydrates and proteins<\/li><li>soothing effects on skin, hair and muscles<\/li><li>release of muscle tension<\/li><li>stress reduction<\/li><li>regeneration not only of the body but also of the mind<\/li><li>improving blood circulation<\/li><li>detoxification - detoxification<\/li><li>harmful substances from the body<\/li><li>supportive treatment of back pain<\/li><li>and joints<\/li><li>pore cleansing<\/li><li>increased heart activity<\/li><li>treatment of psoriasis<\/li><li>acne and cellulite treatment<\/li><\/ul><\/div>\t\t\t\t\t\t<\/div>\n\t\t\t\t<\/div>\n\t\t\t\t\t<\/div>\n\t\t<\/div>\n\t\t\t\t\t\t\t<\/div>\n\t\t<\/section>\n\t\t\t\t<section class=\"elementor-section elementor-top-section elementor-element elementor-element-e8c6112 elementor-section-boxed elementor-section-height-default elementor-section-height-default\" data-id=\"e8c6112\" data-element_type=\"section\">\n\t\t\t\t\t\t<div class=\"elementor-container elementor-column-gap-default\">\n\t\t\t\t\t<div class=\"elementor-column elementor-col-100 elementor-top-column elementor-element elementor-element-d5f533a\" data-id=\"d5f533a\" data-element_type=\"column\">\n\t\t\t<div class=\"elementor-widget-wrap\">\n\t\t\t\t\t\t\t\t\t<\/div>\n\t\t<\/div>\n\t\t\t\t\t\t\t<\/div>\n\t\t<\/section>\n\t\t\t\t\t\t\t<\/div>","protected":false},"excerpt":{"rendered":"<p>We are preparing a spa reservation system for you. Currently it is possible to book a beer bath by phone at: 724901874 or by email: recepce@pivnihotel.cz. Advance reservation is REQUIRED, capacity is limited. Book your bath in advance.  PRICE: beer bath for 1 person = 979 CZK beer bath for 2 persons = 1 639 CZK Beer bath, which lasts 60 min., you [...]<\/p>","protected":false},"author":4,"featured_media":1812,"parent":0,"menu_order":0,"comment_status":"closed","ping_status":"closed","template":"","meta":{"footnotes":""},"class_list":["post-1811","page","type-page","status-publish","has-post-thumbnail","hentry"],"acf":[],"yoast_head":"<!-- This site is optimized with the Yoast SEO plugin v20.12 - https:\/\/yoast.com\/wordpress\/plugins\/seo\/ -->\n<title>Pivn\u00ed l\u00e1zn\u011b - rezervace, cen\u00edk - Pivn\u00ed Hotel<\/title>\n<meta name=\"robots\" content=\"index, follow, max-snippet:-1, max-image-preview:large, max-video-preview:-1\" \/>\n<link rel=\"canonical\" href=\"https:\/\/www.pivnihotel.cz\/en\/pivni-lazne-rezervace-cenik\/\" \/>\n<meta property=\"og:locale\" content=\"en_GB\" \/>\n<meta property=\"og:type\" content=\"article\" \/>\n<meta property=\"og:title\" content=\"Pivn\u00ed l\u00e1zn\u011b - rezervace, cen\u00edk - Pivn\u00ed Hotel\" \/>\n<meta property=\"og:description\" content=\"P\u0159ipravujeme pro v\u00e1s rezerva\u010dn\u00ed syst\u00e9m l\u00e1zn\u00ed. Aktu\u00e1ln\u011b je mo\u017en\u00e9 si pivn\u00ed l\u00e1ze\u0148 rezervovat telefonicky na tel.\u010d.: 724901874 nebo emailem: recepce@pivnihotel.cz. Rezervace p\u0159edem je NUTN\u00c1, kapacity jsou omezen\u00e9. Rezervujte si svou koupel s p\u0159edstihem.\u00a0 CENA:pivn\u00ed l\u00e1ze\u0148 pro 1 osobu = 979 K\u010dpivn\u00ed l\u00e1ze\u0148 pro 2 osoby = 1 639 K\u010d Pivn\u00ed koupel, kter\u00e1 trv\u00e1 60min., si [&hellip;]\" \/>\n<meta property=\"og:url\" content=\"https:\/\/www.pivnihotel.cz\/en\/pivni-lazne-rezervace-cenik\/\" \/>\n<meta property=\"og:site_name\" content=\"Pivn\u00ed Hotel\" \/>\n<meta property=\"article:modified_time\" content=\"2026-01-16T08:28:25+00:00\" \/>\n<meta property=\"og:image\" content=\"http:\/\/www.pivnihotel.cz\/wp-content\/uploads\/2023\/09\/DSC_0393-scaled.jpg\" \/>\n\t<meta property=\"og:image:width\" content=\"2560\" \/>\n\t<meta property=\"og:image:height\" content=\"1707\" \/>\n\t<meta property=\"og:image:type\" content=\"image\/jpeg\" \/>\n<meta name=\"twitter:card\" content=\"summary_large_image\" \/>\n<meta name=\"twitter:label1\" content=\"Estimated reading time\" \/>\n\t<meta name=\"twitter:data1\" content=\"2 minutes\" \/>\n<script type=\"application\/ld+json\" class=\"yoast-schema-graph\">{\"@context\":\"https:\/\/schema.org\",\"@graph\":[{\"@type\":\"WebPage\",\"@id\":\"https:\/\/www.pivnihotel.cz\/pivni-lazne-rezervace-cenik\/\",\"url\":\"https:\/\/www.pivnihotel.cz\/pivni-lazne-rezervace-cenik\/\",\"name\":\"Pivn\u00ed l\u00e1zn\u011b - rezervace, cen\u00edk - Pivn\u00ed Hotel\",\"isPartOf\":{\"@id\":\"https:\/\/www.pivnihotel.cz\/#website\"},\"datePublished\":\"2023-09-27T12:03:16+00:00\",\"dateModified\":\"2026-01-16T08:28:25+00:00\",\"breadcrumb\":{\"@id\":\"https:\/\/www.pivnihotel.cz\/pivni-lazne-rezervace-cenik\/#breadcrumb\"},\"inLanguage\":\"en-GB\",\"potentialAction\":[{\"@type\":\"ReadAction\",\"target\":[\"https:\/\/www.pivnihotel.cz\/pivni-lazne-rezervace-cenik\/\"]}]},{\"@type\":\"BreadcrumbList\",\"@id\":\"https:\/\/www.pivnihotel.cz\/pivni-lazne-rezervace-cenik\/#breadcrumb\",\"itemListElement\":[{\"@type\":\"ListItem\",\"position\":1,\"name\":\"Dom\u016f\",\"item\":\"https:\/\/www.pivnihotel.cz\/\"},{\"@type\":\"ListItem\",\"position\":2,\"name\":\"Pivn\u00ed l\u00e1zn\u011b &#8211; rezervace, cen\u00edk\"}]},{\"@type\":\"WebSite\",\"@id\":\"https:\/\/www.pivnihotel.cz\/#website\",\"url\":\"https:\/\/www.pivnihotel.cz\/\",\"name\":\"Pivn\u00ed Hotel\",\"description\":\"Pivn\u00ed l\u00e1zn\u011b | PivniHotel.cz\",\"publisher\":{\"@id\":\"https:\/\/www.pivnihotel.cz\/#organization\"},\"potentialAction\":[{\"@type\":\"SearchAction\",\"target\":{\"@type\":\"EntryPoint\",\"urlTemplate\":\"https:\/\/www.pivnihotel.cz\/?s={search_term_string}\"},\"query-input\":\"required name=search_term_string\"}],\"inLanguage\":\"en-GB\"},{\"@type\":\"Organization\",\"@id\":\"https:\/\/www.pivnihotel.cz\/#organization\",\"name\":\"Pivn\u00ed Hotel\",\"url\":\"https:\/\/www.pivnihotel.cz\/\",\"logo\":{\"@type\":\"ImageObject\",\"inLanguage\":\"en-GB\",\"@id\":\"https:\/\/www.pivnihotel.cz\/#\/schema\/logo\/image\/\",\"url\":\"https:\/\/www.pivnihotel.cz\/wp-content\/uploads\/2023\/04\/cropped-cropped-dfa37135-e92d-470c-93ce-45558a873a9b.png\",\"contentUrl\":\"https:\/\/www.pivnihotel.cz\/wp-content\/uploads\/2023\/04\/cropped-cropped-dfa37135-e92d-470c-93ce-45558a873a9b.png\",\"width\":120,\"height\":65,\"caption\":\"Pivn\u00ed Hotel\"},\"image\":{\"@id\":\"https:\/\/www.pivnihotel.cz\/#\/schema\/logo\/image\/\"}}]}<\/script>\n<!-- \/ Yoast SEO plugin. -->","yoast_head_json":{"title":"Pivn\u00ed l\u00e1zn\u011b - rezervace, cen\u00edk - Pivn\u00ed Hotel","robots":{"index":"index","follow":"follow","max-snippet":"max-snippet:-1","max-image-preview":"max-image-preview:large","max-video-preview":"max-video-preview:-1"},"canonical":"https:\/\/www.pivnihotel.cz\/en\/pivni-lazne-rezervace-cenik\/","og_locale":"en_GB","og_type":"article","og_title":"Pivn\u00ed l\u00e1zn\u011b - rezervace, cen\u00edk - Pivn\u00ed Hotel","og_description":"P\u0159ipravujeme pro v\u00e1s rezerva\u010dn\u00ed syst\u00e9m l\u00e1zn\u00ed. Aktu\u00e1ln\u011b je mo\u017en\u00e9 si pivn\u00ed l\u00e1ze\u0148 rezervovat telefonicky na tel.\u010d.: 724901874 nebo emailem: recepce@pivnihotel.cz. Rezervace p\u0159edem je NUTN\u00c1, kapacity jsou omezen\u00e9. Rezervujte si svou koupel s p\u0159edstihem.\u00a0 CENA:pivn\u00ed l\u00e1ze\u0148 pro 1 osobu = 979 K\u010dpivn\u00ed l\u00e1ze\u0148 pro 2 osoby = 1 639 K\u010d Pivn\u00ed koupel, kter\u00e1 trv\u00e1 60min., si [&hellip;]","og_url":"https:\/\/www.pivnihotel.cz\/en\/pivni-lazne-rezervace-cenik\/","og_site_name":"Pivn\u00ed Hotel","article_modified_time":"2026-01-16T08:28:25+00:00","og_image":[{"width":2560,"height":1707,"url":"http:\/\/www.pivnihotel.cz\/wp-content\/uploads\/2023\/09\/DSC_0393-scaled.jpg","type":"image\/jpeg"}],"twitter_card":"summary_large_image","twitter_misc":{"Estimated reading time":"2 minutes"},"schema":{"@context":"https:\/\/schema.org","@graph":[{"@type":"WebPage","@id":"https:\/\/www.pivnihotel.cz\/pivni-lazne-rezervace-cenik\/","url":"https:\/\/www.pivnihotel.cz\/pivni-lazne-rezervace-cenik\/","name":"Pivn\u00ed l\u00e1zn\u011b - rezervace, cen\u00edk - Pivn\u00ed Hotel","isPartOf":{"@id":"https:\/\/www.pivnihotel.cz\/#website"},"datePublished":"2023-09-27T12:03:16+00:00","dateModified":"2026-01-16T08:28:25+00:00","breadcrumb":{"@id":"https:\/\/www.pivnihotel.cz\/pivni-lazne-rezervace-cenik\/#breadcrumb"},"inLanguage":"en-GB","potentialAction":[{"@type":"ReadAction","target":["https:\/\/www.pivnihotel.cz\/pivni-lazne-rezervace-cenik\/"]}]},{"@type":"BreadcrumbList","@id":"https:\/\/www.pivnihotel.cz\/pivni-lazne-rezervace-cenik\/#breadcrumb","itemListElement":[{"@type":"ListItem","position":1,"name":"Dom\u016f","item":"https:\/\/www.pivnihotel.cz\/"},{"@type":"ListItem","position":2,"name":"Pivn\u00ed l\u00e1zn\u011b &#8211; rezervace, cen\u00edk"}]},{"@type":"WebSite","@id":"https:\/\/www.pivnihotel.cz\/#website","url":"https:\/\/www.pivnihotel.cz\/","name":"Pivn\u00ed Hotel","description":"Pivn\u00ed l\u00e1zn\u011b | PivniHotel.cz","publisher":{"@id":"https:\/\/www.pivnihotel.cz\/#organization"},"potentialAction":[{"@type":"SearchAction","target":{"@type":"EntryPoint","urlTemplate":"https:\/\/www.pivnihotel.cz\/?s={search_term_string}"},"query-input":"required name=search_term_string"}],"inLanguage":"en-GB"},{"@type":"Organization","@id":"https:\/\/www.pivnihotel.cz\/#organization","name":"Pivn\u00ed Hotel","url":"https:\/\/www.pivnihotel.cz\/","logo":{"@type":"ImageObject","inLanguage":"en-GB","@id":"https:\/\/www.pivnihotel.cz\/#\/schema\/logo\/image\/","url":"https:\/\/www.pivnihotel.cz\/wp-content\/uploads\/2023\/04\/cropped-cropped-dfa37135-e92d-470c-93ce-45558a873a9b.png","contentUrl":"https:\/\/www.pivnihotel.cz\/wp-content\/uploads\/2023\/04\/cropped-cropped-dfa37135-e92d-470c-93ce-45558a873a9b.png","width":120,"height":65,"caption":"Pivn\u00ed Hotel"},"image":{"@id":"https:\/\/www.pivnihotel.cz\/#\/schema\/logo\/image\/"}}]}},"_links":{"self":[{"href":"https:\/\/www.pivnihotel.cz\/en\/wp-json\/wp\/v2\/pages\/1811","targetHints":{"allow":["GET"]}}],"collection":[{"href":"https:\/\/www.pivnihotel.cz\/en\/wp-json\/wp\/v2\/pages"}],"about":[{"href":"https:\/\/www.pivnihotel.cz\/en\/wp-json\/wp\/v2\/types\/page"}],"author":[{"embeddable":true,"href":"https:\/\/www.pivnihotel.cz\/en\/wp-json\/wp\/v2\/users\/4"}],"replies":[{"embeddable":true,"href":"https:\/\/www.pivnihotel.cz\/en\/wp-json\/wp\/v2\/comments?post=1811"}],"version-history":[{"count":37,"href":"https:\/\/www.pivnihotel.cz\/en\/wp-json\/wp\/v2\/pages\/1811\/revisions"}],"predecessor-version":[{"id":2353,"href":"https:\/\/www.pivnihotel.cz\/en\/wp-json\/wp\/v2\/pages\/1811\/revisions\/2353"}],"wp:featuredmedia":[{"embeddable":true,"href":"https:\/\/www.pivnihotel.cz\/en\/wp-json\/wp\/v2\/media\/1812"}],"wp:attachment":[{"href":"https:\/\/www.pivnihotel.cz\/en\/wp-json\/wp\/v2\/media?parent=1811"}],"curies":[{"name":"wp","href":"https:\/\/api.w.org\/{rel}","templated":true}]}}